{"id":28,"date":"2024-10-13T10:02:32","date_gmt":"2024-10-13T10:02:32","guid":{"rendered":"https:\/\/psychologiapokokardki.pl\/?page_id=28"},"modified":"2024-10-13T10:02:32","modified_gmt":"2024-10-13T10:02:32","slug":"o-mnie","status":"publish","type":"page","link":"https:\/\/psychologiapokokardki.pl\/?page_id=28","title":{"rendered":"O mnie"},"content":{"rendered":"\n<p>Dzie\u0144 dobry!<\/p>\n\n\n\n<p>Nazywam si\u0119 Milena i jestem studentk\u0105 psychologii, a \u201ePsychologia po kokardki\u201d to moje miejsce w sieci, gdzie dziel\u0119 si\u0119 swoim zami\u0142owaniem do psychologii i wszystkim, co jest z ni\u0105 zwi\u0105zane. Mam nadziej\u0119, \u017ce znajdziecie tutaj co\u015b inspiruj\u0105cego i warto\u015bciowego dla siebie!<\/p>\n\n\n\n<p>Jednym z pierwszych pyta\u0144, podczas poznawania kogo\u015b nowego, jest pytanie o zainteresowania, wi\u0119c napisz\u0119 teraz kr\u00f3tko o swoich.<\/p>\n\n\n\n<p>Szczeg\u00f3lnie interesuj\u0119 si\u0119 neuronauk\u0105, czyli tym, jak nasz m\u00f3zg, sie\u0107 neuron\u00f3w i biochemia wp\u0142ywaj\u0105 na nasze emocje, zachowania i spos\u00f3b, w jaki postrzegamy \u015bwiat. Uwa\u017cam, \u017ce poznanie tych mechanizm\u00f3w pozwala nam lepiej zrozumie\u0107 nie tylko siebie, ale i innych ludzi \u2013 co z kolei prowadzi do bardziej \u015bwiadomego i spe\u0142nionego \u017cycia.<\/p>\n\n\n\n<p>Ale, jak ka\u017cdy z nas, jestem te\u017c czym\u015b wi\u0119cej ni\u017c tylko studentk\u0105 psychologii. Na co dzie\u0144 uwielbiam sp\u0119dza\u0107 czas na \u0142onie natury \u2013 d\u0142ugie spacery w lesie, czy cho\u0107by chwila z ksi\u0105\u017ck\u0105 na \u015bwie\u017cym powietrzu to dla mnie najlepszy spos\u00f3b na relaks i na\u0142adowanie baterii. A skoro ju\u017c mowa o ksi\u0105\u017ckach, to czytanie jest moj\u0105 kolejn\u0105 pasj\u0105. Zanurzam si\u0119 zar\u00f3wno w literaturze popularnonaukowej, naukowe, jak i literaturze pi\u0119knej.<\/p>\n\n\n\n<p>Co mo\u017ce Was zaskoczy\u0107, to moja fascynacja Formu\u0142\u0105 1! To widowisko, kt\u00f3re wci\u0105ga, inspiruje i pokazuje, jak ogromny wp\u0142yw maj\u0105 psychika i precyzja w ekstremalnych warunkach.<\/p>\n\n\n\n<p>No i jest jeszcze szyde\u0142kowanie! Mo\u017ce wydawa\u0107 si\u0119 nieoczywiste w zestawieniu z neuronauk\u0105 czy Formu\u0142\u0105 1, ale dla mnie szyde\u0142kowanie to spos\u00f3b na wyciszenie si\u0119 i oderwanie od \u015bwiata. To taka ma\u0142a pasja, kt\u00f3ra \u0142\u0105czy kreatywno\u015b\u0107 z potrzeb\u0105 chwili spokoju.<\/p>\n\n\n\n<p>Pytanie o ulubiony kolor te\u017c si\u0119 cz\u0119sto pojawia.<\/p>\n\n\n\n<p>Nie da si\u0119 ukry\u0107, \u017ce w moim przypadku jest to r\u00f3\u017cowy! D\u0142ugo my\u015bla\u0142am jak po\u0142\u0105czy\u0107 to z psychologia i stworzy\u0107 bloga opartego na r\u00f3\u017cu i psychologii. Na szcz\u0119\u015bcie mam w \u017cyciu psychologii po kokardki, a one cz\u0119sto s\u0105 r\u00f3\u017cowe \ud83d\ude09<\/p>\n\n\n\n<p>Na razie to tyle, a z czasem b\u0119dziemy poznawa\u0107 si\u0119 lepiej.<\/p>\n\n\n\n<p>Mam nadziej\u0119, \u017ce \u201ePsychologia po kokardki\u201d stanie si\u0119 miejscem, gdzie znajdziecie inspiracj\u0119 do lepszego zrozumienia siebie i innych, ale te\u017c chwil\u0119 na refleksj\u0119, u\u015bmiech czy nowe, ciekawe informacje. Chc\u0119 pokaza\u0107, \u017ce psychologia mo\u017ce by\u0107 fascynuj\u0105ca, przyjazna i obecna w ka\u017cdym aspekcie \u017cycia \u2013 od relacji mi\u0119dzyludzkich po nasze codzienne wybory.<\/p>\n\n\n\n<p>Dzi\u0119kuj\u0119, \u017ce tu jeste\u015bcie! Mam nadziej\u0119, \u017ce zostaniecie na d\u0142u\u017cej i razem zanurzymy si\u0119 w \u015bwiat psychologii \u2013 takiej, kt\u00f3rej jest a\u017c po kokardki!<\/p>\n","protected":false},"excerpt":{"rendered":"<p>Dzie\u0144 dobry! Nazywam si\u0119 Milena i jestem studentk\u0105 psychologii, a \u201ePsychologia po kokardki\u201d to moje miejsce w sieci, gdzie dziel\u0119 si\u0119 swoim zami\u0142owaniem do psychologii i wszystkim, co jest z ni\u0105 zwi\u0105zane. Mam nadziej\u0119, \u017ce znajdziecie tutaj co\u015b inspiruj\u0105cego i warto\u015bciowego dla siebie! Jednym z pierwszych pyta\u0144, podczas poznawania kogo\u015b nowego, jest pytanie o zainteresowania, [&hellip;]<\/p>\n","protected":false},"author":1,"featured_media":0,"parent":0,"menu_order":0,"comment_status":"closed","ping_status":"closed","template":"","meta":{"footnotes":""},"class_list":["post-28","page","type-page","status-publish","hentry"],"_links":{"self":[{"href":"https:\/\/psychologiapokokardki.pl\/index.php?rest_route=\/wp\/v2\/pages\/28"}],"collection":[{"href":"https:\/\/psychologiapokokardki.pl\/index.php?rest_route=\/wp\/v2\/pages"}],"about":[{"href":"https:\/\/psychologiapokokardki.pl\/index.php?rest_route=\/wp\/v2\/types\/page"}],"author":[{"embeddable":true,"href":"https:\/\/psychologiapokokardki.pl\/index.php?rest_route=\/wp\/v2\/users\/1"}],"replies":[{"embeddable":true,"href":"https:\/\/psychologiapokokardki.pl\/index.php?rest_route=%2Fwp%2Fv2%2Fcomments&post=28"}],"version-history":[{"count":1,"href":"https:\/\/psychologiapokokardki.pl\/index.php?rest_route=\/wp\/v2\/pages\/28\/revisions"}],"predecessor-version":[{"id":56,"href":"https:\/\/psychologiapokokardki.pl\/index.php?rest_route=\/wp\/v2\/pages\/28\/revisions\/56"}],"wp:attachment":[{"href":"https:\/\/psychologiapokokardki.pl\/index.php?rest_route=%2Fwp%2Fv2%2Fmedia&parent=28"}],"curies":[{"name":"wp","href":"https:\/\/api.w.org\/{rel}","templated":true}]}}