{"id":62,"date":"2024-10-13T10:40:42","date_gmt":"2024-10-13T10:40:42","guid":{"rendered":"https:\/\/psychologiapokokardki.pl\/?page_id=62"},"modified":"2024-10-13T10:40:42","modified_gmt":"2024-10-13T10:40:42","slug":"o-nazwie","status":"publish","type":"page","link":"https:\/\/psychologiapokokardki.pl\/?page_id=62","title":{"rendered":"O nazwie"},"content":{"rendered":"\n<p>Pewnie zastanawiacie si\u0119, co znaczy \u201ePsychologia po kokardki\u201d? Sk\u0105d taki pomys\u0142 i co mam na my\u015bli, kiedy m\u00f3wi\u0119 o psychologii w ten spos\u00f3b?<\/p>\n\n\n\n<p>Ot\u00f3\u017c, jak si\u0119 zaraz dowiecie, ta nazwa jest kluczem do zrozumienia mojego podej\u015bcia do psychologii i tego, co znajdziecie na tym blogu.<\/p>\n\n\n\n<p>Wyra\u017cenie \u201emie\u0107 czego\u015b po kokardki\u201d mo\u017ce Wam si\u0119 kojarzy\u0107 z nadmiarem i przesytem \u2013 ale nie w tym negatywnym, przyt\u0142aczaj\u0105cym znaczeniu! Dla mnie \u201epo kokardki\u201d to co\u015b wi\u0119cej: to pe\u0142nia, obfito\u015b\u0107 i pozytywne zanurzenie w temacie, kt\u00f3ry mnie fascynuje, czyli w psychologii. Nazwa mojego bloga oznacza, \u017ce psychologia to co\u015b, czym jestem otoczona z ka\u017cdej strony, co mnie inspiruje i co daje mi rado\u015b\u0107. Psychologia jest dla mnie wszechobecna \u2013 nie tylko w teorii, kt\u00f3r\u0105 zg\u0142\u0119biam na studiach, ale te\u017c w codziennym \u017cyciu, w rozmowach, relacjach i rozwoju osobistym. Dlatego chc\u0119 si\u0119 ni\u0105 dzieli\u0107 z Wami w spos\u00f3b przyst\u0119pny, lekki i pe\u0142en pasji, a jednocze\u015bnie profesjonalny i rzetelny.<\/p>\n\n\n\n<p>Kokardki? To symbol, kt\u00f3ry od zawsze kojarzy mi si\u0119 z czym\u015b radosnym, uroczym, a jednocze\u015bnie estetycznym. Kokardka to ma\u0142y, ale wyrazisty akcent \u2013 podobnie jak psychologia w naszym \u017cyciu. Cz\u0119sto nie zdajemy sobie sprawy, jak bardzo nasza codzienno\u015b\u0107 przenika si\u0119 z psychologi\u0105, dop\u00f3ki nie zaczniemy na to zwraca\u0107 uwagi.<\/p>\n\n\n\n<p> Psychologia pomaga nam lepiej zrozumie\u0107 siebie i innych, jest jak kokardka, kt\u00f3ra dope\u0142nia ca\u0142o\u015bci naszego \u017cycia, daj\u0105c mu dodatkowy wymiar. I cho\u0107 bywa g\u0142\u0119boka i skomplikowana, to wcale nie musi by\u0107 ci\u0119\u017cka! Chc\u0119 pokaza\u0107, \u017ce psychologia mo\u017ce by\u0107 pi\u0119kna, kolorowa, a przy tym niezwykle u\u017cyteczna \u2013 tak jak kokardka, kt\u00f3ra niby jest drobnym elementem, ale potrafi odmieni\u0107 ca\u0142y styl.<\/p>\n","protected":false},"excerpt":{"rendered":"<p>Pewnie zastanawiacie si\u0119, co znaczy \u201ePsychologia po kokardki\u201d? Sk\u0105d taki pomys\u0142 i co mam na my\u015bli, kiedy m\u00f3wi\u0119 o psychologii w ten spos\u00f3b? Ot\u00f3\u017c, jak si\u0119 zaraz dowiecie, ta nazwa jest kluczem do zrozumienia mojego podej\u015bcia do psychologii i tego, co znajdziecie na tym blogu. Wyra\u017cenie \u201emie\u0107 czego\u015b po kokardki\u201d mo\u017ce Wam si\u0119 kojarzy\u0107 z [&hellip;]<\/p>\n","protected":false},"author":1,"featured_media":0,"parent":0,"menu_order":0,"comment_status":"closed","ping_status":"closed","template":"","meta":{"footnotes":""},"class_list":["post-62","page","type-page","status-publish","hentry"],"_links":{"self":[{"href":"https:\/\/psychologiapokokardki.pl\/index.php?rest_route=\/wp\/v2\/pages\/62"}],"collection":[{"href":"https:\/\/psychologiapokokardki.pl\/index.php?rest_route=\/wp\/v2\/pages"}],"about":[{"href":"https:\/\/psychologiapokokardki.pl\/index.php?rest_route=\/wp\/v2\/types\/page"}],"author":[{"embeddable":true,"href":"https:\/\/psychologiapokokardki.pl\/index.php?rest_route=\/wp\/v2\/users\/1"}],"replies":[{"embeddable":true,"href":"https:\/\/psychologiapokokardki.pl\/index.php?rest_route=%2Fwp%2Fv2%2Fcomments&post=62"}],"version-history":[{"count":1,"href":"https:\/\/psychologiapokokardki.pl\/index.php?rest_route=\/wp\/v2\/pages\/62\/revisions"}],"predecessor-version":[{"id":63,"href":"https:\/\/psychologiapokokardki.pl\/index.php?rest_route=\/wp\/v2\/pages\/62\/revisions\/63"}],"wp:attachment":[{"href":"https:\/\/psychologiapokokardki.pl\/index.php?rest_route=%2Fwp%2Fv2%2Fmedia&parent=62"}],"curies":[{"name":"wp","href":"https:\/\/api.w.org\/{rel}","templated":true}]}}